{"id":958,"date":"2024-06-09T17:31:11","date_gmt":"2024-06-09T17:31:11","guid":{"rendered":"https:\/\/www.mxgp-switzerland.com\/?page_id=958"},"modified":"2026-01-14T12:37:21","modified_gmt":"2026-01-14T12:37:21","slug":"presse","status":"publish","type":"page","link":"https:\/\/www.mxgp-switzerland.com\/index.php\/presse\/","title":{"rendered":"Presse"},"content":{"rendered":"\t\t<div data-elementor-type=\"wp-post\" data-elementor-id=\"958\" class=\"elementor elementor-958\" data-elementor-post-type=\"page\">\n\t\t\t\t\t\t<section class=\"elementor-section elementor-top-section elementor-element elementor-element-uxqqucd elementor-section-full_width elementor-section-height-default elementor-section-height-default\" data-id=\"uxqqucd\" data-element_type=\"section\" data-e-type=\"section\" data-settings=\"{&quot;background_background&quot;:&quot;video&quot;}\">\n\t\t\t\t\t\t\t<div class=\"elementor-background-overlay\"><\/div>\n\t\t\t\t\t\t\t<div class=\"elementor-container elementor-column-gap-default\">\n\t\t\t\t\t<div class=\"elementor-column elementor-col-100 elementor-top-column elementor-element elementor-element-eepgiog\" data-id=\"eepgiog\" data-element_type=\"column\" data-e-type=\"column\">\n\t\t\t<div class=\"elementor-widget-wrap elementor-element-populated\">\n\t\t\t\t\t\t<div class=\"elementor-element elementor-element-oppmuoq elementor-widget elementor-widget-heading\" data-id=\"oppmuoq\" data-element_type=\"widget\" data-e-type=\"widget\" data-widget_type=\"heading.default\">\n\t\t\t\t<div class=\"elementor-widget-container\">\n\t\t\t\t\t<h2 class=\"elementor-heading-title elementor-size-default\">PRESSE \/ AKKREDITIERUNGEN\n<\/h2>\t\t\t\t<\/div>\n\t\t\t\t<\/div>\n\t\t\t\t<div class=\"elementor-element elementor-element-32ba46f elementor-widget-divider--view-line elementor-widget elementor-widget-divider\" data-id=\"32ba46f\" data-element_type=\"widget\" data-e-type=\"widget\" data-widget_type=\"divider.default\">\n\t\t\t\t<div class=\"elementor-widget-container\">\n\t\t\t\t\t\t\t<div class=\"elementor-divider\">\n\t\t\t<span class=\"elementor-divider-separator\">\n\t\t\t\t\t\t<\/span>\n\t\t<\/div>\n\t\t\t\t\t\t<\/div>\n\t\t\t\t<\/div>\n\t\t\t\t\t<\/div>\n\t\t<\/div>\n\t\t\t\t\t<\/div>\n\t\t<\/section>\n\t\t<div class=\"elementor-element elementor-element-ec3496b e-flex e-con-boxed e-con e-parent\" data-id=\"ec3496b\" data-element_type=\"container\" data-e-type=\"container\">\n\t\t\t\t\t<div class=\"e-con-inner\">\n\t\t\t\t<div class=\"elementor-element elementor-element-74ed96a elementor-widget elementor-widget-text-editor\" data-id=\"74ed96a\" data-element_type=\"widget\" data-e-type=\"widget\" data-widget_type=\"text-editor.default\">\n\t\t\t\t<div class=\"elementor-widget-container\">\n\t\t\t\t\t\t\t\t\t<p>Liebe Medienschaffende<\/p><p>Am MXGP Switzerland k\u00f6nnen sich nationale wie auch internationale Medienschaffende akkreditieren lassen, die einen professionellen Hintergrund haben. Betreiber von privaten Instagram-Kan\u00e4len oder Facebook-Seiten werden nicht ber\u00fccksichtigt, um die Arbeit der professionellen Medienleute zu gew\u00e4hrleisten.\u00a0<\/p><p>Bewerbungen f\u00fcr eine Akkreditierung m\u00fcssen bis <strong>sp\u00e4testens 14 Tage<\/strong> vor der Veranstaltung eingereicht werden. Sp\u00e4tere Anmeldungen k\u00f6nnen nur noch in Ausnahmef\u00e4llen &#8211; und falls noch offene Pl\u00e4tze zur Verf\u00fcgung stehen &#8211; ber\u00fccksichtigt werden.<\/p><p><strong>\u00a0<\/strong><\/p><p><strong>Nationale Medien<\/strong><\/p><p>Bitte f\u00fcllen sie das <span style=\"text-decoration: underline;\"><strong><a href=\"https:\/\/forms.gle\/SiDZVFSManYNxM6W7\" target=\"_blank\" rel=\"noopener\">offizielle Formular von Infront<\/a><\/strong><\/span> sp\u00e4testens bis am\u00a0<b>Freitag, den 13. M\u00e4rz 2026<\/b> vollst\u00e4ndig aus und reichen sie es zusammen mit einem g\u00fcltigen Medienausweis, Nachweise vergangener Publikationen und einer Best\u00e4tigung der Chefredaktion des Mediums, f\u00fcr das sie arbeiten, online ein. Personen, die einen Zugang zum Track beantragen, m\u00fcssen zudem einen Versicherungsnachweis einreichen.\u00a0\u00a0<\/p><p>Die Gesuche werden bis sp\u00e4testens 18. M\u00e4rz 2026 per Mail bewilligt oder abgelehnt. In diesem Schreiben erhalten sie auch detailliertere Angaben \u00fcber die Medienarbeit am MXGP Switzerland.\u00a0<\/p><p><strong>\u00a0<\/strong><\/p><p><strong>Filmcrews \/ Social Media Video<\/strong><\/p><p>Filmcrews oder Video-Journalisten von lokalen und regionalen TV-Sendern sowie Social-Media-Plattformen, die an der Strecke Action- und Live-Videos drehen m\u00f6chten, ben\u00f6tigen nebst der nationalen Akkreditierung auch eine zus\u00e4tzliche Kamera-Bewilligung. Diese muss gleichzeitig mit dem Akkreditierungsantrag an Charlotte Menard, Infront\u00a0 Moto Racing\u2019s TV General Manager, gerichtet werden &gt; <a href=\"mailto:c.menard@mxgp.com\" target=\"_blank\" rel=\"noopener\">c.menard@mxgp.com<\/a> (Kopie an: <a href=\"mailto:sekretariat@mxgp-switzerland.com\" target=\"_blank\" rel=\"noopener\">sekretariat@mxgp-switzerland.com<\/a>)<\/p><p><strong>\u00a0<\/strong><\/p><p><strong>Internationale <\/strong><strong>Medien<\/strong><\/p><p>Alle internationalen Medien, die einen Weekend-Mediapass ben\u00f6tigen, f\u00fcllen bitte das offizielle <a href=\"https:\/\/forms.office.com\/pages\/responsepage.aspx?id=5fgF2hSBTUq_EyexDTlcjm7zO8HIA5hLitYqsl6KYEdUQzlRREpJREtZQU5YN1lXNVlQNkpESkZDNy4u&amp;route=shorturl\"><span style=\"text-decoration: underline;\"><strong>Formular<\/strong><\/span><\/a> aus.<\/p><p><strong>\u00a0<\/strong><\/p><p><strong>Kontakt Medien<\/strong><\/p><p>Falls Fragen im Zusammenhang mit der Akkreditierung oder andere Fragen auftreten, kann bis am 26.03.2026 das Sekretariat schriftlich kontaktiert werden &gt; <a href=\"mailto:sekretariat@mxgp-switzerland.com\" target=\"_blank\" rel=\"noopener\">sekretariat@mxgp-switzerland.com<\/a>.<\/p><p>Vom 27. &#8211; 29. M\u00e4rz 2026 steht Martin Zinser, Chef Mediencenter, telefonisch f\u00fcr Ausk\u00fcnfte zur Verf\u00fcgung &gt;\u00a0 +41 79 247 02 47.\u00a0<\/p>\t\t\t\t\t\t\t\t<\/div>\n\t\t\t\t<\/div>\n\t\t\t\t\t<\/div>\n\t\t\t\t<\/div>\n\t\t\t\t<\/div>\n\t\t","protected":false},"excerpt":{"rendered":"<p>PRESSE \/ AKKREDITIERUNGEN Liebe Medienschaffende Am MXGP Switzerland k\u00f6nnen sich nationale wie auch internationale Medienschaffende akkreditieren lassen, die einen professionellen Hintergrund haben. Betreiber von privaten Instagram-Kan\u00e4len oder Facebook-Seiten werden nicht ber\u00fccksichtigt, um die Arbeit der professionellen Medienleute zu gew\u00e4hrleisten.\u00a0 Bewerbungen f\u00fcr eine Akkreditierung m\u00fcssen bis sp\u00e4testens 14 Tage vor der Veranstaltung eingereicht werden. Sp\u00e4tere Anmeldungen [&hellip;]<\/p>\n","protected":false},"author":1,"featured_media":0,"parent":0,"menu_order":0,"comment_status":"closed","ping_status":"closed","template":"elementor_header_footer","meta":{"ocean_post_layout":"","ocean_both_sidebars_style":"","ocean_both_sidebars_content_width":0,"ocean_both_sidebars_sidebars_width":0,"ocean_sidebar":"0","ocean_second_sidebar":"0","ocean_disable_margins":"enable","ocean_add_body_class":"","ocean_shortcode_before_top_bar":"","ocean_shortcode_after_top_bar":"","ocean_shortcode_before_header":"","ocean_shortcode_after_header":"","ocean_has_shortcode":"","ocean_shortcode_after_title":"","ocean_shortcode_before_footer_widgets":"","ocean_shortcode_after_footer_widgets":"","ocean_shortcode_before_footer_bottom":"","ocean_shortcode_after_footer_bottom":"","ocean_display_top_bar":"default","ocean_display_header":"default","ocean_header_style":"","ocean_center_header_left_menu":"0","ocean_custom_header_template":"0","ocean_custom_logo":0,"ocean_custom_retina_logo":0,"ocean_custom_logo_max_width":0,"ocean_custom_logo_tablet_max_width":0,"ocean_custom_logo_mobile_max_width":0,"ocean_custom_logo_max_height":0,"ocean_custom_logo_tablet_max_height":0,"ocean_custom_logo_mobile_max_height":0,"ocean_header_custom_menu":"0","ocean_menu_typo_font_family":"0","ocean_menu_typo_font_subset":"","ocean_menu_typo_font_size":0,"ocean_menu_typo_font_size_tablet":0,"ocean_menu_typo_font_size_mobile":0,"ocean_menu_typo_font_size_unit":"px","ocean_menu_typo_font_weight":"","ocean_menu_typo_font_weight_tablet":"","ocean_menu_typo_font_weight_mobile":"","ocean_menu_typo_transform":"","ocean_menu_typo_transform_tablet":"","ocean_menu_typo_transform_mobile":"","ocean_menu_typo_line_height":0,"ocean_menu_typo_line_height_tablet":0,"ocean_menu_typo_line_height_mobile":0,"ocean_menu_typo_line_height_unit":"","ocean_menu_typo_spacing":0,"ocean_menu_typo_spacing_tablet":0,"ocean_menu_typo_spacing_mobile":0,"ocean_menu_typo_spacing_unit":"","ocean_menu_link_color":"","ocean_menu_link_color_hover":"","ocean_menu_link_color_active":"","ocean_menu_link_background":"","ocean_menu_link_hover_background":"","ocean_menu_link_active_background":"","ocean_menu_social_links_bg":"","ocean_menu_social_hover_links_bg":"","ocean_menu_social_links_color":"","ocean_menu_social_hover_links_color":"","ocean_disable_title":"default","ocean_disable_heading":"default","ocean_post_title":"","ocean_post_subheading":"","ocean_post_title_style":"","ocean_post_title_background_color":"","ocean_post_title_background":0,"ocean_post_title_bg_image_position":"","ocean_post_title_bg_image_attachment":"","ocean_post_title_bg_image_repeat":"","ocean_post_title_bg_image_size":"","ocean_post_title_height":0,"ocean_post_title_bg_overlay":0.5,"ocean_post_title_bg_overlay_color":"","ocean_disable_breadcrumbs":"default","ocean_breadcrumbs_color":"","ocean_breadcrumbs_separator_color":"","ocean_breadcrumbs_links_color":"","ocean_breadcrumbs_links_hover_color":"","ocean_display_footer_widgets":"default","ocean_display_footer_bottom":"default","ocean_custom_footer_template":"0","footnotes":""},"class_list":["post-958","page","type-page","status-publish","hentry","entry"],"_links":{"self":[{"href":"https:\/\/www.mxgp-switzerland.com\/index.php\/wp-json\/wp\/v2\/pages\/958","targetHints":{"allow":["GET"]}}],"collection":[{"href":"https:\/\/www.mxgp-switzerland.com\/index.php\/wp-json\/wp\/v2\/pages"}],"about":[{"href":"https:\/\/www.mxgp-switzerland.com\/index.php\/wp-json\/wp\/v2\/types\/page"}],"author":[{"embeddable":true,"href":"https:\/\/www.mxgp-switzerland.com\/index.php\/wp-json\/wp\/v2\/users\/1"}],"replies":[{"embeddable":true,"href":"https:\/\/www.mxgp-switzerland.com\/index.php\/wp-json\/wp\/v2\/comments?post=958"}],"version-history":[{"count":86,"href":"https:\/\/www.mxgp-switzerland.com\/index.php\/wp-json\/wp\/v2\/pages\/958\/revisions"}],"predecessor-version":[{"id":2701,"href":"https:\/\/www.mxgp-switzerland.com\/index.php\/wp-json\/wp\/v2\/pages\/958\/revisions\/2701"}],"wp:attachment":[{"href":"https:\/\/www.mxgp-switzerland.com\/index.php\/wp-json\/wp\/v2\/media?parent=958"}],"curies":[{"name":"wp","href":"https:\/\/api.w.org\/{rel}","templated":true}]}}