{"id":937,"date":"2024-06-09T17:18:13","date_gmt":"2024-06-09T17:18:13","guid":{"rendered":"https:\/\/www.mxgp-switzerland.com\/?page_id=937"},"modified":"2026-03-25T10:37:40","modified_gmt":"2026-03-25T10:37:40","slug":"organisation-2","status":"publish","type":"page","link":"https:\/\/www.mxgp-switzerland.com\/index.php\/organisation-2\/","title":{"rendered":"Fahrerinformationen"},"content":{"rendered":"\t\t<div data-elementor-type=\"wp-post\" data-elementor-id=\"937\" class=\"elementor elementor-937\" data-elementor-post-type=\"page\">\n\t\t\t\t\t\t<section class=\"elementor-section elementor-top-section elementor-element elementor-element-uxqqucd elementor-section-full_width elementor-section-height-default elementor-section-height-default\" data-id=\"uxqqucd\" data-element_type=\"section\" data-e-type=\"section\" data-settings=\"{&quot;background_background&quot;:&quot;video&quot;}\">\n\t\t\t\t\t\t\t<div class=\"elementor-background-overlay\"><\/div>\n\t\t\t\t\t\t\t<div class=\"elementor-container elementor-column-gap-default\">\n\t\t\t\t\t<div class=\"elementor-column elementor-col-100 elementor-top-column elementor-element elementor-element-eepgiog\" data-id=\"eepgiog\" data-element_type=\"column\" data-e-type=\"column\">\n\t\t\t<div class=\"elementor-widget-wrap elementor-element-populated\">\n\t\t\t\t\t\t<div class=\"elementor-element elementor-element-oppmuoq elementor-widget elementor-widget-heading\" data-id=\"oppmuoq\" data-element_type=\"widget\" data-e-type=\"widget\" data-widget_type=\"heading.default\">\n\t\t\t\t<div class=\"elementor-widget-container\">\n\t\t\t\t\t<h2 class=\"elementor-heading-title elementor-size-default\">Fahrerinfo<\/h2>\t\t\t\t<\/div>\n\t\t\t\t<\/div>\n\t\t\t\t<div class=\"elementor-element elementor-element-32ba46f elementor-widget-divider--view-line elementor-widget elementor-widget-divider\" data-id=\"32ba46f\" data-element_type=\"widget\" data-e-type=\"widget\" data-widget_type=\"divider.default\">\n\t\t\t\t<div class=\"elementor-widget-container\">\n\t\t\t\t\t\t\t<div class=\"elementor-divider\">\n\t\t\t<span class=\"elementor-divider-separator\">\n\t\t\t\t\t\t<\/span>\n\t\t<\/div>\n\t\t\t\t\t\t<\/div>\n\t\t\t\t<\/div>\n\t\t\t\t\t<\/div>\n\t\t<\/div>\n\t\t\t\t\t<\/div>\n\t\t<\/section>\n\t\t<div class=\"elementor-element elementor-element-ec3496b e-flex e-con-boxed e-con e-parent\" data-id=\"ec3496b\" data-element_type=\"container\" data-e-type=\"container\">\n\t\t\t\t\t<div class=\"e-con-inner\">\n\t\t\t\t<div class=\"elementor-element elementor-element-74ed96a elementor-widget elementor-widget-text-editor\" data-id=\"74ed96a\" data-element_type=\"widget\" data-e-type=\"widget\" data-widget_type=\"text-editor.default\">\n\t\t\t\t<div class=\"elementor-widget-container\">\n\t\t\t\t\t\t\t\t\t<p><strong>STARTLISTEN MXGP SWITZERLAND 2026<\/strong><\/p><p><a href=\"https:\/\/www.mxgp-switzerland.com\/wp-content\/uploads\/2026\/03\/2026_MXGP_of_Switzerland_EntryList_MXGP.pdf\">MXGP<\/a><\/p><p><a href=\"https:\/\/www.mxgp-switzerland.com\/wp-content\/uploads\/2026\/03\/2026_MXGP_of_Switzerland_EntryList_MX2.pdf\">MX2<\/a><\/p><p><a href=\"https:\/\/www.mxgp-switzerland.com\/wp-content\/uploads\/2026\/03\/2026_MXGP_of_Switzerland_EntryList_EMX125.pdf\">EMX125<\/a><\/p><p><a href=\"https:\/\/www.mxgp-switzerland.com\/wp-content\/uploads\/2026\/03\/2026_MXGP_of_Switzerland_EntryList_EMX250.pdf\">EMX250<\/a><\/p><p><a href=\"https:\/\/www.mxgp-switzerland.com\/wp-content\/uploads\/2026\/02\/SR_202-03-FMS-Frauenfeld.pdf\">Sonderreglement FIM<\/a><\/p><p><a href=\"https:\/\/www.mxgp-switzerland.com\/wp-content\/uploads\/2026\/02\/SR_EMX_125_250_FRAUENFELD.pdf\">Sonderreglement FIM EUROPE<\/a><\/p><p><a href=\"https:\/\/www.mxgp-switzerland.com\/wp-content\/uploads\/2026\/03\/2026_MXGP_of_Switzerland_Timetable.pdf\">Zeitplan MXGP Switzerland<\/a><\/p><p>Resultate<\/p><p>\u00a0<\/p><p>\u00a0<\/p><p><strong>Einschreibung<\/strong><\/p><p>Neue Fahrer m\u00fcssen sich online unter diesem <a href=\"https:\/\/results.mxgp.com\/riderloginrequests.aspx\" target=\"_blank\" rel=\"noopener\">Link<\/a> anmelden.<br \/>Sie erhalten in der Regel innerhalb der n\u00e4chsten 48 Stunden eine E-Mail mit weiteren Informationen.<\/p><p>Fahrer, die sich bereits in der Vergangenheit angemeldet haben,<br \/>k\u00f6nnen den Anmeldeprozess direkt unter diesem <a href=\"https:\/\/results.mxgp.com\/entry\/entryform1.aspx\" target=\"_blank\" rel=\"noopener\">Link<\/a> vornehmen.<\/p><p>Falls ein Fahrer sein Passwort nicht mehr wei\u00df, kann er es unter diesem <a href=\"https:\/\/results.mxgp.com\/passwordrequest.aspx\" target=\"_blank\" rel=\"noopener\">Link<\/a> anfordern.<\/p><p>Weitere Informationen zur Einschreibung finden Sie <a href=\"https:\/\/www.mxgp-switzerland.com\/wp-content\/uploads\/2023\/02\/CMS_MXGP_2023_ENTRY_PROCEDURE_E.pdf\" target=\"_blank\" rel=\"noopener\">hier<\/a>. <br class=\"avia-permanent-lb\" \/><br class=\"avia-permanent-lb\" \/><\/p><p><strong>Wildcard<\/strong><\/p><p>Die Swissmoto (MX-Kommission) nominiert in jeder startenden Klasse zwei Fahrer mit einer Wildcard.<br \/>Bei Interesse m\u00fcssen sich die Fahrer vorg\u00e4ngig \u00fcber das oben beschriebene Online-Anmeldesystem bewerben.<\/p><p>Die Fahrer werden \u00fcber die Nominationen entsprechend informiert.<\/p><p>Best\u00e4tigte Fahrer erhalten f\u00fcr die Veranstaltung einen Fahrer-Pass und zwei Mechaniker-P\u00e4sse.<\/p>\t\t\t\t\t\t\t\t<\/div>\n\t\t\t\t<\/div>\n\t\t\t\t\t<\/div>\n\t\t\t\t<\/div>\n\t\t<div class=\"elementor-element elementor-element-e2f8938 e-flex e-con-boxed e-con e-parent\" data-id=\"e2f8938\" data-element_type=\"container\" data-e-type=\"container\">\n\t\t\t\t\t<div class=\"e-con-inner\">\n\t\t\t\t\t<\/div>\n\t\t\t\t<\/div>\n\t\t\t\t<\/div>\n\t\t","protected":false},"excerpt":{"rendered":"<p>Fahrerinfo STARTLISTEN MXGP SWITZERLAND 2026 MXGP MX2 EMX125 EMX250 Sonderreglement FIM Sonderreglement FIM EUROPE Zeitplan MXGP Switzerland Resultate \u00a0 \u00a0 Einschreibung Neue Fahrer m\u00fcssen sich online unter diesem Link anmelden.Sie erhalten in der Regel innerhalb der n\u00e4chsten 48 Stunden eine E-Mail mit weiteren Informationen. Fahrer, die sich bereits in der Vergangenheit angemeldet haben,k\u00f6nnen den Anmeldeprozess [&hellip;]<\/p>\n","protected":false},"author":1,"featured_media":0,"parent":0,"menu_order":0,"comment_status":"closed","ping_status":"closed","template":"elementor_header_footer","meta":{"ocean_post_layout":"","ocean_both_sidebars_style":"","ocean_both_sidebars_content_width":0,"ocean_both_sidebars_sidebars_width":0,"ocean_sidebar":"0","ocean_second_sidebar":"0","ocean_disable_margins":"enable","ocean_add_body_class":"","ocean_shortcode_before_top_bar":"","ocean_shortcode_after_top_bar":"","ocean_shortcode_before_header":"","ocean_shortcode_after_header":"","ocean_has_shortcode":"","ocean_shortcode_after_title":"","ocean_shortcode_before_footer_widgets":"","ocean_shortcode_after_footer_widgets":"","ocean_shortcode_before_footer_bottom":"","ocean_shortcode_after_footer_bottom":"","ocean_display_top_bar":"default","ocean_display_header":"default","ocean_header_style":"","ocean_center_header_left_menu":"0","ocean_custom_header_template":"0","ocean_custom_logo":0,"ocean_custom_retina_logo":0,"ocean_custom_logo_max_width":0,"ocean_custom_logo_tablet_max_width":0,"ocean_custom_logo_mobile_max_width":0,"ocean_custom_logo_max_height":0,"ocean_custom_logo_tablet_max_height":0,"ocean_custom_logo_mobile_max_height":0,"ocean_header_custom_menu":"0","ocean_menu_typo_font_family":"0","ocean_menu_typo_font_subset":"","ocean_menu_typo_font_size":0,"ocean_menu_typo_font_size_tablet":0,"ocean_menu_typo_font_size_mobile":0,"ocean_menu_typo_font_size_unit":"px","ocean_menu_typo_font_weight":"","ocean_menu_typo_font_weight_tablet":"","ocean_menu_typo_font_weight_mobile":"","ocean_menu_typo_transform":"","ocean_menu_typo_transform_tablet":"","ocean_menu_typo_transform_mobile":"","ocean_menu_typo_line_height":0,"ocean_menu_typo_line_height_tablet":0,"ocean_menu_typo_line_height_mobile":0,"ocean_menu_typo_line_height_unit":"","ocean_menu_typo_spacing":0,"ocean_menu_typo_spacing_tablet":0,"ocean_menu_typo_spacing_mobile":0,"ocean_menu_typo_spacing_unit":"","ocean_menu_link_color":"","ocean_menu_link_color_hover":"","ocean_menu_link_color_active":"","ocean_menu_link_background":"","ocean_menu_link_hover_background":"","ocean_menu_link_active_background":"","ocean_menu_social_links_bg":"","ocean_menu_social_hover_links_bg":"","ocean_menu_social_links_color":"","ocean_menu_social_hover_links_color":"","ocean_disable_title":"default","ocean_disable_heading":"default","ocean_post_title":"","ocean_post_subheading":"","ocean_post_title_style":"","ocean_post_title_background_color":"","ocean_post_title_background":0,"ocean_post_title_bg_image_position":"","ocean_post_title_bg_image_attachment":"","ocean_post_title_bg_image_repeat":"","ocean_post_title_bg_image_size":"","ocean_post_title_height":0,"ocean_post_title_bg_overlay":0.5,"ocean_post_title_bg_overlay_color":"","ocean_disable_breadcrumbs":"default","ocean_breadcrumbs_color":"","ocean_breadcrumbs_separator_color":"","ocean_breadcrumbs_links_color":"","ocean_breadcrumbs_links_hover_color":"","ocean_display_footer_widgets":"default","ocean_display_footer_bottom":"default","ocean_custom_footer_template":"0","footnotes":""},"class_list":["post-937","page","type-page","status-publish","hentry","entry"],"_links":{"self":[{"href":"https:\/\/www.mxgp-switzerland.com\/index.php\/wp-json\/wp\/v2\/pages\/937","targetHints":{"allow":["GET"]}}],"collection":[{"href":"https:\/\/www.mxgp-switzerland.com\/index.php\/wp-json\/wp\/v2\/pages"}],"about":[{"href":"https:\/\/www.mxgp-switzerland.com\/index.php\/wp-json\/wp\/v2\/types\/page"}],"author":[{"embeddable":true,"href":"https:\/\/www.mxgp-switzerland.com\/index.php\/wp-json\/wp\/v2\/users\/1"}],"replies":[{"embeddable":true,"href":"https:\/\/www.mxgp-switzerland.com\/index.php\/wp-json\/wp\/v2\/comments?post=937"}],"version-history":[{"count":65,"href":"https:\/\/www.mxgp-switzerland.com\/index.php\/wp-json\/wp\/v2\/pages\/937\/revisions"}],"predecessor-version":[{"id":2843,"href":"https:\/\/www.mxgp-switzerland.com\/index.php\/wp-json\/wp\/v2\/pages\/937\/revisions\/2843"}],"wp:attachment":[{"href":"https:\/\/www.mxgp-switzerland.com\/index.php\/wp-json\/wp\/v2\/media?parent=937"}],"curies":[{"name":"wp","href":"https:\/\/api.w.org\/{rel}","templated":true}]}}