{"id":878,"date":"2024-06-09T16:18:53","date_gmt":"2024-06-09T16:18:53","guid":{"rendered":"https:\/\/www.mxgp-switzerland.com\/?page_id=878"},"modified":"2025-11-24T11:18:26","modified_gmt":"2025-11-24T11:18:26","slug":"unterkuenfte","status":"publish","type":"page","link":"https:\/\/www.mxgp-switzerland.com\/index.php\/unterkuenfte\/","title":{"rendered":"Unterk\u00fcnfte"},"content":{"rendered":"\t\t<div data-elementor-type=\"wp-post\" data-elementor-id=\"878\" class=\"elementor elementor-878\" data-elementor-post-type=\"page\">\n\t\t\t\t\t\t<section class=\"elementor-section elementor-top-section elementor-element elementor-element-uxqqucd elementor-section-boxed elementor-section-height-default elementor-section-height-default\" data-id=\"uxqqucd\" data-element_type=\"section\" data-e-type=\"section\" data-settings=\"{&quot;background_background&quot;:&quot;video&quot;}\">\n\t\t\t\t\t\t\t<div class=\"elementor-background-overlay\"><\/div>\n\t\t\t\t\t\t\t<div class=\"elementor-container elementor-column-gap-default\">\n\t\t\t\t\t<div class=\"elementor-column elementor-col-100 elementor-top-column elementor-element elementor-element-eepgiog\" data-id=\"eepgiog\" data-element_type=\"column\" data-e-type=\"column\">\n\t\t\t<div class=\"elementor-widget-wrap elementor-element-populated\">\n\t\t\t\t\t\t<div class=\"elementor-element elementor-element-oppmuoq elementor-widget elementor-widget-heading\" data-id=\"oppmuoq\" data-element_type=\"widget\" data-e-type=\"widget\" data-widget_type=\"heading.default\">\n\t\t\t\t<div class=\"elementor-widget-container\">\n\t\t\t\t\t<h2 class=\"elementor-heading-title elementor-size-default\">Unterk\u00fcnfte<\/h2>\t\t\t\t<\/div>\n\t\t\t\t<\/div>\n\t\t\t\t<div class=\"elementor-element elementor-element-b0b4a2c elementor-widget-divider--view-line elementor-widget elementor-widget-divider\" data-id=\"b0b4a2c\" data-element_type=\"widget\" data-e-type=\"widget\" data-widget_type=\"divider.default\">\n\t\t\t\t<div class=\"elementor-widget-container\">\n\t\t\t\t\t\t\t<div class=\"elementor-divider\">\n\t\t\t<span class=\"elementor-divider-separator\">\n\t\t\t\t\t\t<\/span>\n\t\t<\/div>\n\t\t\t\t\t\t<\/div>\n\t\t\t\t<\/div>\n\t\t\t\t\t<\/div>\n\t\t<\/div>\n\t\t\t\t\t<\/div>\n\t\t<\/section>\n\t\t<div class=\"elementor-element elementor-element-c4ccf09 e-flex e-con-boxed e-con e-parent\" data-id=\"c4ccf09\" data-element_type=\"container\" data-e-type=\"container\">\n\t\t\t\t\t<div class=\"e-con-inner\">\n\t\t\t\t<div class=\"elementor-element elementor-element-92dc24c elementor-widget elementor-widget-text-editor\" data-id=\"92dc24c\" data-element_type=\"widget\" data-e-type=\"widget\" data-widget_type=\"text-editor.default\">\n\t\t\t\t<div class=\"elementor-widget-container\">\n\t\t\t\t\t\t\t\t\t<p style=\"text-align: center;\">Um Ihren\u00a0Besuch am MXGP Switzerland\u00a0abzurunden haben sie prinzipiell <strong>zwei \u00dcbernachtungsm\u00f6glichkeiten<\/strong>.<\/p><p style=\"text-align: center;\">Zum einen steht Ihnen ein <strong>Campingplatz<\/strong> zur Verf\u00fcgung. Auf dem Campingplatz stehen Wasseranschl\u00fcsse, Toiletten, Duschen sowie Entsorgungsstationen f\u00fcr chemische Toiletten zur Verf\u00fcgung. Stromanschl\u00fcsse gibt es keine. Camping-Tickets k\u00f6nnen vor Ort oder online zu einem Preis ab CHF 100.00 pro Fahrzeug oder Zelt \/ Standplatz bezogen werden. Es ist nur Barzahlung m\u00f6glich.<\/p><p style=\"text-align: center;\">Wenn Sie statt auf dem Campinggel\u00e4nde lieber ein <strong>Hotelzimmer<\/strong> nehmen m\u00f6chten haben wir Ihnen hier die nahegelegenen Hotels aufgelistet:<\/p>\t\t\t\t\t\t\t\t<\/div>\n\t\t\t\t<\/div>\n\t\t\t\t\t<\/div>\n\t\t\t\t<\/div>\n\t\t<div class=\"elementor-element elementor-element-55d3a76 e-flex e-con-boxed e-con e-parent\" data-id=\"55d3a76\" data-element_type=\"container\" data-e-type=\"container\">\n\t\t\t\t\t<div class=\"e-con-inner\">\n\t\t<div class=\"elementor-element elementor-element-6950899 e-con-full e-flex e-con e-child\" data-id=\"6950899\" data-element_type=\"container\" data-e-type=\"container\">\n\t\t\t\t<div class=\"elementor-element elementor-element-9ca6311 elementor-widget elementor-widget-text-editor\" data-id=\"9ca6311\" data-element_type=\"widget\" data-e-type=\"widget\" data-widget_type=\"text-editor.default\">\n\t\t\t\t<div class=\"elementor-widget-container\">\n\t\t\t\t\t\t\t\t\t<table id=\"hotel\">\n<tbody>\n<tr>\n<th width=\"50%\">Hotel<\/th>\n<th width=\"20%\">Ort<\/th>\n<th width=\"15%\">Entf.<\/th>\n<th width=\"15%\">Link<\/th>\n<\/tr>\n<tr>\n<td>Hotel zum Goldenen Kreuz<\/td>\n<td>Frauenfeld<\/td>\n<td>2.1km<\/td>\n<td><a href=\"http:\/\/www.goldeneskreuz.ch\/\" target=\"_blank\" rel=\"noopener\">Link<\/a><\/td>\n<\/tr>\n<tr>\n<td>Falken Motel<\/td>\n<td>Frauenfeld<\/td>\n<td>2.5km<\/td>\n<td><a href=\"http:\/\/www.motelfalken.ch\/\" target=\"_blank\" rel=\"noopener\">Link<\/a><\/td>\n<\/tr>\n<tr>\n<td>Hotel Blumenstein<\/td>\n<td>Frauenfeld<\/td>\n<td>2.8km<\/td>\n<td><a href=\"http:\/\/www.hotel-blumenstein.ch\/\" target=\"_blank\" rel=\"noopener\">Link<\/a><\/td>\n<\/tr>\n<tr>\n<td>Hotel Rhyhof<\/td>\n<td>Frauenfeld<\/td>\n<td>3.0km<\/td>\n<td><a href=\"https:\/\/www.booking.com\/hotel\/ch\/rhyhof.de.html\" target=\"_blank\" rel=\"noopener\">Link<\/a><\/td>\n<\/tr>\n<tr>\n<td>Kartause Ittingen<\/td>\n<td>Warth<\/td>\n<td>4.5km<\/td>\n<td><a href=\"https:\/\/www.kartause.ch\/#!\/de\/hotel\" target=\"_blank\" rel=\"noopener\">Link<\/a><\/td>\n<\/tr>\n<tr>\n<td>Landgasthof Schwanen<\/td>\n<td>Felben-Wellhausen<\/td>\n<td>7.0km<\/td>\n<td><a href=\"http:\/\/www.landgasthof-schwanen.ch\/\" target=\"_blank\" rel=\"noopener\">Link<\/a><\/td>\n<\/tr>\n<tr>\n<td>Hotel Linde<\/td>\n<td>Dettighofen<\/td>\n<td>8.6km<\/td>\n<td><a href=\"http:\/\/www.linde-dettighofen.ch\/\" target=\"_blank\" rel=\"noopener\">Link<\/a><\/td>\n<\/tr>\n<tr>\n<td>Gasthof Storchen<\/td>\n<td>Wiesendangen<\/td>\n<td>9.0km<\/td>\n<td><a href=\"http:\/\/www.gasthof-storchen.ch\/\" target=\"_blank\" rel=\"noopener\">Link<\/a><\/td>\n<\/tr>\n<tr>\n<td>Landgasthof Wartegg<\/td>\n<td>Wigoltingen<\/td>\n<td>9.6km<\/td>\n<td><a href=\"http:\/\/www.landgasthof-wartegg.ch\/\" target=\"_blank\" rel=\"noopener\">Link<\/a><\/td>\n<\/tr>\n<tr>\n<td>Gasthaus Schlosshalde<\/td>\n<td>Winterthur<\/td>\n<td>10.0km<\/td>\n<td><a href=\"http:\/\/www.schlosshalde-winterthur.ch\/\" target=\"_blank\" rel=\"noopener\">Link<\/a><\/td>\n<\/tr>\n<tr>\n<td>Landgasthof Heidelberg<\/td>\n<td>Aadorf<\/td>\n<td>10.2km<\/td>\n<td><a href=\"https:\/\/heidelberg-aadorf.ch\/\" target=\"_blank\" rel=\"noopener\">Link<\/a><\/td>\n<\/tr>\n<tr>\n<td>Hotel M\u00fcnchwilen<\/td>\n<td>M\u00fcnchwilen<\/td>\n<td>10.9km<\/td>\n<td><a href=\"http:\/\/www.hotel-muenchwilen.ch\/\" target=\"_blank\" rel=\"noopener\">Link<\/a><\/td>\n<\/tr>\n<tr>\n<td>Gasthof Raben<\/td>\n<td>Eschenz<\/td>\n<td>11.0km<\/td>\n<td><a href=\"http:\/\/www.gasthof-raben.ch\/\" target=\"_blank\" rel=\"noopener\">Link<\/a><\/td>\n<\/tr>\n<tr>\n<td>Hotel Rheinfels<\/td>\n<td>Stein am Rhein<\/td>\n<td>12.5km<\/td>\n<td><a href=\"http:\/\/www.rheinfels.ch\/\" target=\"_blank\" rel=\"noopener\">Link<\/a><\/td>\n<\/tr>\n\n<tr>\n<td>Hotel Adler<\/td>\n<td>Stein am Rhein<\/td>\n<td>12.6km<\/td>\n<td><a href=\"http:\/\/www.adlersteinamrhein.ch\/\" target=\"_blank\" rel=\"noopener\">Link<\/a><\/td>\n<\/tr>\n<tr>\n<td>Park Hotel Winterthur Swiss Quality<\/td>\n<td>Winterthur<\/td>\n<td>13.7km<\/td>\n<td><a href=\"http:\/\/www.phwin.ch\/\" target=\"_blank\" rel=\"noopener\">Link<\/a><\/td>\n<\/tr>\n<tr>\n<td>See &amp; Park Hotel Feldbach<\/td>\n<td>Steckborn<\/td>\n<td>13.9km<\/td>\n<td><a href=\"http:\/\/www.hotel-feldbach.ch\/\" target=\"_blank\" rel=\"noopener\">Link<\/a><\/td>\n<\/tr>\n<tr>\n<td>Hotel Albani<\/td>\n<td>Winterthur<\/td>\n<td>14.0km<\/td>\n<td><a href=\"http:\/\/www.albani.ch\/\" target=\"_blank\" rel=\"noopener\">Link<\/a><\/td>\n<\/tr>\n<tr>\n<td>Plaza Hotel Winterthur<\/td>\n<td>Winterthur<\/td>\n<td>14.0km<\/td>\n<td><a href=\"http:\/\/www.plazahotel.ch\/\" target=\"_blank\" rel=\"noopener\">Link<\/a><\/td>\n<\/tr>\n<\/tbody>\n<\/table>\t\t\t\t\t\t\t\t<\/div>\n\t\t\t\t<\/div>\n\t\t\t\t<\/div>\n\t\t<div class=\"elementor-element elementor-element-ea1f4c0 e-con-full e-flex e-con e-child\" data-id=\"ea1f4c0\" data-element_type=\"container\" data-e-type=\"container\">\n\t\t\t\t<div class=\"elementor-element elementor-element-9a41762 elementor-widget elementor-widget-text-editor\" data-id=\"9a41762\" data-element_type=\"widget\" data-e-type=\"widget\" data-widget_type=\"text-editor.default\">\n\t\t\t\t<div class=\"elementor-widget-container\">\n\t\t\t\t\t\t\t\t\t<table id=\"hotel\">\n<tbody>\n<tr>\n<th width=\"50%\">Hotel<\/th>\n<th width=\"20%\">Ort<\/th>\n<th width=\"15%\">Entf.<\/th>\n<th width=\"15%\">Link<\/th>\n<\/tr>\n<tr>\n<td>Banana City<\/td>\n<td>Winterthur<\/td>\n<td>14.1km<\/td>\n<td><a href=\"http:\/\/www.bananacity.ch\/\" target=\"_blank\" rel=\"noopener\">Link<\/a><\/td>\n<\/tr>\n<tr>\n<td>Sorell Hotel Krone<\/td>\n<td>Winterthur<\/td>\n<td>14.1km<\/td>\n<td><a href=\"http:\/\/sorellhotels.com\/de\/krone\/winterthur\" target=\"_blank\" rel=\"noopener\">Link<\/a><\/td>\n<\/tr>\n<tr>\n<td>Flexi Motel<\/td>\n<td>Wil<\/td>\n<td>14.3km<\/td>\n<td><a href=\"http:\/\/www.freihofwil.ch\/\" target=\"_blank\" rel=\"noopener\">Link<\/a><\/td>\n<\/tr>\n<tr>\n<td>Wellnesshotel Golf Panorama<\/td>\n<td>Lipperswil<\/td>\n<td>14.3km<\/td>\n<td><a href=\"http:\/\/www.golfpanorama.ch\/\" target=\"_blank\" rel=\"noopener\">Link<\/a><\/td>\n<\/tr>\n<tr>\n<td>Best Western Hotel Wartmann<\/td>\n<td>Winterthur<\/td>\n<td>14.4km<\/td>\n<td><a href=\"http:\/\/www.wartmann.ch\/\" target=\"_blank\" rel=\"noopener\">Link<\/a><\/td>\n<\/tr>\n<tr>\n<td>Hotel Schwanen<\/td>\n<td>Wil<\/td>\n<td>14.4km<\/td>\n<td><a href=\"http:\/\/www.hotel-schwanen.ch\/\" target=\"_blank\" rel=\"noopener\">Link<\/a><\/td>\n<\/tr>\n<tr>\n<td>Hotel Hesseng\u00fcetli<\/td>\n<td>Winterthur<\/td>\n<td>15.3km<\/td>\n<td><a href=\"http:\/\/www.hessengueetli.ch\/\" target=\"_blank\" rel=\"noopener\">Link<\/a><\/td>\n<\/tr>\n<tr>\n<td>Hotel Loge<\/td>\n<td>Winterthur<\/td>\n<td>15.3km<\/td>\n<td><a href=\"http:\/\/www.hotelloge.ch\/\" target=\"_blank\" rel=\"noopener\">Link<\/a><\/td>\n<\/tr>\n<tr>\n<td>ibis budget<\/td>\n<td>Winterthur<\/td>\n<td>15.3km<\/td>\n<td><a href=\"http:\/\/www.ibis.com\/de\/booking\/hotels-list.shtml\" target=\"_blank\" rel=\"noopener\">Link<\/a><\/td>\n<\/tr>\n<tr>\n<td>ibis Winterthur City<\/td>\n<td>Winterthur<\/td>\n<td>15.3km<\/td>\n<td><a href=\"http:\/\/www.ibis.com\/de\/hotel-3561-ibis-winterthur-city\/index.shtml\" target=\"_blank\" rel=\"noopener\">Link<\/a><\/td>\n<\/tr>\n<tr>\n<td>Gasthof Eisenbahn<\/td>\n<td>Weinfelden<\/td>\n<td>15.7km<\/td>\n<td><a href=\"http:\/\/www.gasthof-eisenbahn.ch\/\" target=\"_blank\" rel=\"noopener\">Link<\/a><\/td>\n<\/tr>\n<tr>\n<td>Hotel Thurgauerhof<\/td>\n<td>Weinfelden<\/td>\n<td>15.9km<\/td>\n<td><a href=\"http:\/\/www.thurgauerhof.com\/\" target=\"_blank\" rel=\"noopener\">Link<\/a><\/td>\n<\/tr>\n<tr>\n<td>Hotel T\u00f6ss<\/td>\n<td>Winterthur<\/td>\n<td>15.9km<\/td>\n<td><a href=\"http:\/\/www.hotel-toess.ch\/\" target=\"_blank\" rel=\"noopener\">Link<\/a><\/td>\n<\/tr>\n<tr>\n<td>Hotel Garni Home<\/td>\n<td>Winterthur<\/td>\n<td>16.0km<\/td>\n<td><a href=\"http:\/\/www.garni-home.ch\/\" target=\"_blank\" rel=\"noopener\">Link<\/a><\/td>\n<\/tr>\n<tr>\n<td>Ferienhotel Bodensee<\/td>\n<td>Berlingen<\/td>\n<td>16.5km<\/td>\n<td><a href=\"http:\/\/www.ferienhotel-bodensee.ch\/\" target=\"_blank\" rel=\"noopener\">Link<\/a><\/td>\n<\/tr>\n<tr>\n<td>Seehotel Schiff<\/td>\n<td>Mannenbach<\/td>\n<td>17.8km<\/td>\n<td><a href=\"http:\/\/www.seehotel.ch\/\" target=\"_blank\" rel=\"noopener\">Link<\/a><\/td>\n<\/tr>\n<tr>\n<td>Hotel Ermatingerhof<\/td>\n<td>Ermatingen<\/td>\n<td>18.9km<\/td>\n<td><a href=\"http:\/\/www.ermatingerhof.ch\/\" target=\"_blank\" rel=\"noopener\">Link<\/a><\/td>\n<\/tr>\n<tr>\n<td>Plaza<\/td>\n<td>Kreuzlingen<\/td>\n<td>27.5km<\/td>\n<td><a href=\"http:\/\/www.hotelplaza.ch\/\" target=\"_blank\" rel=\"noopener\">Link<\/a><\/td>\n<\/tr>\n<tr>\n<td>Hotel SiX<\/td>\n<td>Kreuzlingen<\/td>\n<td>28.4km<\/td>\n<td><a href=\"http:\/\/www.hotelsix.ch\/\" target=\"_blank\" rel=\"noopener\">Link<\/a><\/td>\n<\/tr>\n<tr>\n<td>Hotel Swiss Bellevue<\/td>\n<td>Kreuzlingen<\/td>\n<td>28.4km<\/td>\n<td><a href=\"https:\/\/www.swiss-bellevue.ch\/\" target=\"_blank\" rel=\"noopener\">Link<\/a><\/td>\n<\/tr>\n<tr>\n<td>Jucker&#8217;s Boutique-Hotel<\/td>\n<td>Kreuzlingen<\/td>\n<td>28.5km<\/td>\n<td><a href=\"http:\/\/www.juckers-linde.ch\/\" target=\"_blank\" rel=\"noopener\">Link<\/a><\/td>\n<\/tr>\n<tr>\n<td>Hotel Kreuzlingen am Hafen<\/td>\n<td>Kreuzlingen<\/td>\n<td>29.4km<\/td>\n<td><a href=\"http:\/\/www.hotel-kreuzlingen.ch\/\" target=\"_blank\" rel=\"noopener\">Link<\/a><\/td>\n<\/tr>\n<\/tbody>\n<\/table>\t\t\t\t\t\t\t\t<\/div>\n\t\t\t\t<\/div>\n\t\t\t\t<\/div>\n\t\t\t\t\t<\/div>\n\t\t\t\t<\/div>\n\t\t\t\t<\/div>\n\t\t","protected":false},"excerpt":{"rendered":"<p>Unterk\u00fcnfte Um Ihren\u00a0Besuch am MXGP Switzerland\u00a0abzurunden haben sie prinzipiell zwei \u00dcbernachtungsm\u00f6glichkeiten. Zum einen steht Ihnen ein Campingplatz zur Verf\u00fcgung. Auf dem Campingplatz stehen Wasseranschl\u00fcsse, Toiletten, Duschen sowie Entsorgungsstationen f\u00fcr chemische Toiletten zur Verf\u00fcgung. Stromanschl\u00fcsse gibt es keine. Camping-Tickets k\u00f6nnen vor Ort oder online zu einem Preis ab CHF 100.00 pro Fahrzeug oder Zelt \/ Standplatz [&hellip;]<\/p>\n","protected":false},"author":1,"featured_media":0,"parent":0,"menu_order":0,"comment_status":"closed","ping_status":"closed","template":"","meta":{"ocean_post_layout":"full-screen","ocean_both_sidebars_style":"","ocean_both_sidebars_content_width":0,"ocean_both_sidebars_sidebars_width":0,"ocean_sidebar":"0","ocean_second_sidebar":"0","ocean_disable_margins":"on","ocean_add_body_class":"","ocean_shortcode_before_top_bar":"","ocean_shortcode_after_top_bar":"","ocean_shortcode_before_header":"","ocean_shortcode_after_header":"","ocean_has_shortcode":"","ocean_shortcode_after_title":"","ocean_shortcode_before_footer_widgets":"","ocean_shortcode_after_footer_widgets":"","ocean_shortcode_before_footer_bottom":"","ocean_shortcode_after_footer_bottom":"","ocean_display_top_bar":"default","ocean_display_header":"default","ocean_header_style":"","ocean_center_header_left_menu":"0","ocean_custom_header_template":"0","ocean_custom_logo":0,"ocean_custom_retina_logo":0,"ocean_custom_logo_max_width":0,"ocean_custom_logo_tablet_max_width":0,"ocean_custom_logo_mobile_max_width":0,"ocean_custom_logo_max_height":0,"ocean_custom_logo_tablet_max_height":0,"ocean_custom_logo_mobile_max_height":0,"ocean_header_custom_menu":"0","ocean_menu_typo_font_family":"0","ocean_menu_typo_font_subset":"","ocean_menu_typo_font_size":0,"ocean_menu_typo_font_size_tablet":0,"ocean_menu_typo_font_size_mobile":0,"ocean_menu_typo_font_size_unit":"px","ocean_menu_typo_font_weight":"","ocean_menu_typo_font_weight_tablet":"","ocean_menu_typo_font_weight_mobile":"","ocean_menu_typo_transform":"","ocean_menu_typo_transform_tablet":"","ocean_menu_typo_transform_mobile":"","ocean_menu_typo_line_height":0,"ocean_menu_typo_line_height_tablet":0,"ocean_menu_typo_line_height_mobile":0,"ocean_menu_typo_line_height_unit":"","ocean_menu_typo_spacing":0,"ocean_menu_typo_spacing_tablet":0,"ocean_menu_typo_spacing_mobile":0,"ocean_menu_typo_spacing_unit":"","ocean_menu_link_color":"","ocean_menu_link_color_hover":"","ocean_menu_link_color_active":"","ocean_menu_link_background":"","ocean_menu_link_hover_background":"","ocean_menu_link_active_background":"","ocean_menu_social_links_bg":"","ocean_menu_social_hover_links_bg":"","ocean_menu_social_links_color":"","ocean_menu_social_hover_links_color":"","ocean_disable_title":"on","ocean_disable_heading":"default","ocean_post_title":"","ocean_post_subheading":"","ocean_post_title_style":"","ocean_post_title_background_color":"","ocean_post_title_background":0,"ocean_post_title_bg_image_position":"","ocean_post_title_bg_image_attachment":"","ocean_post_title_bg_image_repeat":"","ocean_post_title_bg_image_size":"","ocean_post_title_height":0,"ocean_post_title_bg_overlay":0.5,"ocean_post_title_bg_overlay_color":"","ocean_disable_breadcrumbs":"default","ocean_breadcrumbs_color":"","ocean_breadcrumbs_separator_color":"","ocean_breadcrumbs_links_color":"","ocean_breadcrumbs_links_hover_color":"","ocean_display_footer_widgets":"default","ocean_display_footer_bottom":"default","ocean_custom_footer_template":"0","footnotes":""},"class_list":["post-878","page","type-page","status-publish","hentry","entry"],"_links":{"self":[{"href":"https:\/\/www.mxgp-switzerland.com\/index.php\/wp-json\/wp\/v2\/pages\/878","targetHints":{"allow":["GET"]}}],"collection":[{"href":"https:\/\/www.mxgp-switzerland.com\/index.php\/wp-json\/wp\/v2\/pages"}],"about":[{"href":"https:\/\/www.mxgp-switzerland.com\/index.php\/wp-json\/wp\/v2\/types\/page"}],"author":[{"embeddable":true,"href":"https:\/\/www.mxgp-switzerland.com\/index.php\/wp-json\/wp\/v2\/users\/1"}],"replies":[{"embeddable":true,"href":"https:\/\/www.mxgp-switzerland.com\/index.php\/wp-json\/wp\/v2\/comments?post=878"}],"version-history":[{"count":40,"href":"https:\/\/www.mxgp-switzerland.com\/index.php\/wp-json\/wp\/v2\/pages\/878\/revisions"}],"predecessor-version":[{"id":2559,"href":"https:\/\/www.mxgp-switzerland.com\/index.php\/wp-json\/wp\/v2\/pages\/878\/revisions\/2559"}],"wp:attachment":[{"href":"https:\/\/www.mxgp-switzerland.com\/index.php\/wp-json\/wp\/v2\/media?parent=878"}],"curies":[{"name":"wp","href":"https:\/\/api.w.org\/{rel}","templated":true}]}}