{"id":1289,"date":"2024-07-18T10:02:09","date_gmt":"2024-07-18T10:02:09","guid":{"rendered":"https:\/\/www.mxgp-switzerland.com\/?page_id=1289"},"modified":"2024-08-06T13:09:13","modified_gmt":"2024-08-06T13:09:13","slug":"news","status":"publish","type":"page","link":"https:\/\/www.mxgp-switzerland.com\/index.php\/news\/","title":{"rendered":"News"},"content":{"rendered":"\t\t<div data-elementor-type=\"wp-post\" data-elementor-id=\"1289\" class=\"elementor elementor-1289\" data-elementor-post-type=\"page\">\n\t\t\t\t\t\t<section class=\"elementor-section elementor-top-section elementor-element elementor-element-uxqqucd elementor-section-full_width elementor-section-height-default elementor-section-height-default\" data-id=\"uxqqucd\" data-element_type=\"section\" data-e-type=\"section\" data-settings=\"{&quot;background_background&quot;:&quot;video&quot;}\">\n\t\t\t\t\t\t\t<div class=\"elementor-background-overlay\"><\/div>\n\t\t\t\t\t\t\t<div class=\"elementor-container elementor-column-gap-default\">\n\t\t\t\t\t<div class=\"elementor-column elementor-col-100 elementor-top-column elementor-element elementor-element-eepgiog\" data-id=\"eepgiog\" data-element_type=\"column\" data-e-type=\"column\">\n\t\t\t<div class=\"elementor-widget-wrap elementor-element-populated\">\n\t\t\t\t\t\t<div class=\"elementor-element elementor-element-oppmuoq elementor-widget elementor-widget-heading\" data-id=\"oppmuoq\" data-element_type=\"widget\" data-e-type=\"widget\" data-widget_type=\"heading.default\">\n\t\t\t\t<div class=\"elementor-widget-container\">\n\t\t\t\t\t<h2 class=\"elementor-heading-title elementor-size-default\">NEWS<\/h2>\t\t\t\t<\/div>\n\t\t\t\t<\/div>\n\t\t\t\t<div class=\"elementor-element elementor-element-32ba46f elementor-widget-divider--view-line elementor-widget elementor-widget-divider\" data-id=\"32ba46f\" data-element_type=\"widget\" data-e-type=\"widget\" data-widget_type=\"divider.default\">\n\t\t\t\t<div class=\"elementor-widget-container\">\n\t\t\t\t\t\t\t<div class=\"elementor-divider\">\n\t\t\t<span class=\"elementor-divider-separator\">\n\t\t\t\t\t\t<\/span>\n\t\t<\/div>\n\t\t\t\t\t\t<\/div>\n\t\t\t\t<\/div>\n\t\t\t\t\t<\/div>\n\t\t<\/div>\n\t\t\t\t\t<\/div>\n\t\t<\/section>\n\t\t<div class=\"elementor-element elementor-element-ec3496b e-flex e-con-boxed e-con e-parent\" data-id=\"ec3496b\" data-element_type=\"container\" data-e-type=\"container\">\n\t\t\t\t\t<div class=\"e-con-inner\">\n\t\t\t\t<div class=\"elementor-element elementor-element-baa3747 elementor-grid-3 elementor-grid-tablet-2 elementor-grid-mobile-1 elementor-posts--thumbnail-top elementor-widget elementor-widget-posts\" data-id=\"baa3747\" data-element_type=\"widget\" data-e-type=\"widget\" data-settings=\"{&quot;classic_masonry&quot;:&quot;yes&quot;,&quot;pagination_type&quot;:&quot;prev_next&quot;,&quot;classic_columns&quot;:&quot;3&quot;,&quot;classic_columns_tablet&quot;:&quot;2&quot;,&quot;classic_columns_mobile&quot;:&quot;1&quot;,&quot;classic_row_gap&quot;:{&quot;unit&quot;:&quot;px&quot;,&quot;size&quot;:35,&quot;sizes&quot;:[]},&quot;classic_row_gap_tablet&quot;:{&quot;unit&quot;:&quot;px&quot;,&quot;size&quot;:&quot;&quot;,&quot;sizes&quot;:[]},&quot;classic_row_gap_mobile&quot;:{&quot;unit&quot;:&quot;px&quot;,&quot;size&quot;:&quot;&quot;,&quot;sizes&quot;:[]}}\" data-widget_type=\"posts.classic\">\n\t\t\t\t<div class=\"elementor-widget-container\">\n\t\t\t\t\t\t\t<div class=\"elementor-posts-container elementor-posts elementor-posts--skin-classic elementor-grid\">\n\t\t\t\t<article class=\"elementor-post elementor-grid-item post-2875 post type-post status-publish format-standard has-post-thumbnail hentry category-mxgp2024news entry has-media\">\n\t\t\t\t<a class=\"elementor-post__thumbnail__link\" href=\"https:\/\/www.mxgp-switzerland.com\/index.php\/2026\/03\/29\/tom-vialle-und-simon-laengenfelder-sind-die-grossen-gewinner-des-mxgp-der-schweiz-2026\/\" tabindex=\"-1\" >\n\t\t\t<div class=\"elementor-post__thumbnail\"><img fetchpriority=\"high\" decoding=\"async\" width=\"1772\" height=\"1181\" src=\"https:\/\/www.mxgp-switzerland.com\/wp-content\/uploads\/2026\/03\/MXF2026_MXGP_Start_D5X_2602_FotoThorstenHorn.jpg\" class=\"attachment-full size-full wp-image-2876\" alt=\"\" srcset=\"https:\/\/www.mxgp-switzerland.com\/wp-content\/uploads\/2026\/03\/MXF2026_MXGP_Start_D5X_2602_FotoThorstenHorn.jpg 1772w, https:\/\/www.mxgp-switzerland.com\/wp-content\/uploads\/2026\/03\/MXF2026_MXGP_Start_D5X_2602_FotoThorstenHorn-300x200.jpg 300w, https:\/\/www.mxgp-switzerland.com\/wp-content\/uploads\/2026\/03\/MXF2026_MXGP_Start_D5X_2602_FotoThorstenHorn-1024x682.jpg 1024w, https:\/\/www.mxgp-switzerland.com\/wp-content\/uploads\/2026\/03\/MXF2026_MXGP_Start_D5X_2602_FotoThorstenHorn-768x512.jpg 768w, https:\/\/www.mxgp-switzerland.com\/wp-content\/uploads\/2026\/03\/MXF2026_MXGP_Start_D5X_2602_FotoThorstenHorn-1536x1024.jpg 1536w\" sizes=\"(max-width: 1772px) 100vw, 1772px\" \/><\/div>\n\t\t<\/a>\n\t\t\t\t<div class=\"elementor-post__text\">\n\t\t\t\t<h3 class=\"elementor-post__title\">\n\t\t\t<a href=\"https:\/\/www.mxgp-switzerland.com\/index.php\/2026\/03\/29\/tom-vialle-und-simon-laengenfelder-sind-die-grossen-gewinner-des-mxgp-der-schweiz-2026\/\" >\n\t\t\t\tTom Vialle und Simon L\u00e4ngenfelder sind die gro\u00dfen Gewinner des MXGP der Schweiz 2026\t\t\t<\/a>\n\t\t<\/h3>\n\t\t\t\t<div class=\"elementor-post__meta-data\">\n\t\t\t\t\t<span class=\"elementor-post-date\">\n\t\t\tM\u00e4rz 29, 2026\t\t<\/span>\n\t\t\t\t<\/div>\n\t\t\t\t<div class=\"elementor-post__excerpt\">\n\t\t\t<p>Gutklassiger Motorsport bei schwierigen Bedingungen erhielt viel Lob von h\u00f6chster Stelle. &nbsp; Der MXGP of Switzerland powered by IXS in Frauenfeld-Gachnang war am letzten M\u00e4rz-Wochenende 2026 das gewohnt gro\u00dfartige Motocross-Fest. In den beiden WM-Klassen MXGP und MX2 durften sich der Franzose Tom Vialle und der Deutsche Simon L\u00e4ngenfelder \u00fcber die Grand-Prix-Siege freuen. W\u00e4hrend L\u00e4ngenfelder seinen Vorjahressieg in der \u201ekleinen\u201c WM-Klasse der bis zu 23-J\u00e4hrigen vom Vorjahr wiederholte, war es f\u00fcr Vialle bei dessen Frauenfeld-Deb\u00fct logischerweise der erste Sieg, gleichbedeutend mit seinem ersten in der K\u00f6nigsklasse MXGP. &nbsp; Der siebente MXGP in Frauenfeld-Gachnang war vor insgesamt 23.500 Besuchern bei wechselnden Wetterbedingungen mit niedrigen Temperaturen und so manchem Regenschauer vor allem am<\/p>\n\t\t<\/div>\n\t\t\n\t\t<a class=\"elementor-post__read-more\" href=\"https:\/\/www.mxgp-switzerland.com\/index.php\/2026\/03\/29\/tom-vialle-und-simon-laengenfelder-sind-die-grossen-gewinner-des-mxgp-der-schweiz-2026\/\" aria-label=\"Read more about Tom Vialle und Simon L\u00e4ngenfelder sind die gro\u00dfen Gewinner des MXGP der Schweiz 2026\" tabindex=\"-1\" >\n\t\t\tWeiterlesen \u00bb\t\t<\/a>\n\n\t\t\t\t<\/div>\n\t\t\t\t<\/article>\n\t\t\t\t<article class=\"elementor-post elementor-grid-item post-2857 post type-post status-publish format-standard has-post-thumbnail hentry category-mxgp2024news entry has-media\">\n\t\t\t\t<a class=\"elementor-post__thumbnail__link\" href=\"https:\/\/www.mxgp-switzerland.com\/index.php\/2026\/03\/28\/der-erste-tag-des-mxgp-of-switzerland-machte-lust-auf-mehr\/\" tabindex=\"-1\" >\n\t\t\t<div class=\"elementor-post__thumbnail\"><img decoding=\"async\" width=\"1772\" height=\"1181\" src=\"https:\/\/www.mxgp-switzerland.com\/wp-content\/uploads\/2026\/03\/01_MXF2026_Start_MXGP_D5X_1587_FotoThorstenHorn.jpg\" class=\"attachment-full size-full wp-image-2858\" alt=\"\" srcset=\"https:\/\/www.mxgp-switzerland.com\/wp-content\/uploads\/2026\/03\/01_MXF2026_Start_MXGP_D5X_1587_FotoThorstenHorn.jpg 1772w, https:\/\/www.mxgp-switzerland.com\/wp-content\/uploads\/2026\/03\/01_MXF2026_Start_MXGP_D5X_1587_FotoThorstenHorn-300x200.jpg 300w, https:\/\/www.mxgp-switzerland.com\/wp-content\/uploads\/2026\/03\/01_MXF2026_Start_MXGP_D5X_1587_FotoThorstenHorn-1024x682.jpg 1024w, https:\/\/www.mxgp-switzerland.com\/wp-content\/uploads\/2026\/03\/01_MXF2026_Start_MXGP_D5X_1587_FotoThorstenHorn-768x512.jpg 768w, https:\/\/www.mxgp-switzerland.com\/wp-content\/uploads\/2026\/03\/01_MXF2026_Start_MXGP_D5X_1587_FotoThorstenHorn-1536x1024.jpg 1536w\" sizes=\"(max-width: 1772px) 100vw, 1772px\" \/><\/div>\n\t\t<\/a>\n\t\t\t\t<div class=\"elementor-post__text\">\n\t\t\t\t<h3 class=\"elementor-post__title\">\n\t\t\t<a href=\"https:\/\/www.mxgp-switzerland.com\/index.php\/2026\/03\/28\/der-erste-tag-des-mxgp-of-switzerland-machte-lust-auf-mehr\/\" >\n\t\t\t\tDer erste Tag des MXGP of Switzerland machte Lust auf mehr\t\t\t<\/a>\n\t\t<\/h3>\n\t\t\t\t<div class=\"elementor-post__meta-data\">\n\t\t\t\t\t<span class=\"elementor-post-date\">\n\t\t\tM\u00e4rz 28, 2026\t\t<\/span>\n\t\t\t\t<\/div>\n\t\t\t\t<div class=\"elementor-post__excerpt\">\n\t\t\t<p>Am Sonntag fallen bei der Schweizer Runde zur Motocross-Weltmeisterschaft\u00a0 in Frauenfeld-Gachnang die Entscheidungen &nbsp; Das 2026er-Gastspiel der Motocross-Weltmeisterschaft in der Schweiz ist mit dem kombinierten Trainings- und Renntag angelaufen. Beim MXGP of Switzerland powered by IXS an diesem Wochenende in Frauenfeld-Gachnang holten sich der Niederl\u00e4nder Jeffrey Herlings und der junge Belgier Sasha Coenen die Siege in den Quali-Rennen der beiden WM-Klassen MXGP und MX2. Auch die beiden ersten Wertungsl\u00e4ufe der Europameisterschafts-Rahmenserien EMX250 und EMX125 wussten zu begeistern. Am Sonntag, dem 29. M\u00e4rz, fallen in allen Klassen die Entscheidungen um die Gesamt- bzw. Grand-Prix-Siege. &nbsp; Das Wetter ist wohl das bestimmende Thema an diesem Wochenende beim MXGP of Switzerland powered by<\/p>\n\t\t<\/div>\n\t\t\n\t\t<a class=\"elementor-post__read-more\" href=\"https:\/\/www.mxgp-switzerland.com\/index.php\/2026\/03\/28\/der-erste-tag-des-mxgp-of-switzerland-machte-lust-auf-mehr\/\" aria-label=\"Read more about Der erste Tag des MXGP of Switzerland machte Lust auf mehr\" tabindex=\"-1\" >\n\t\t\tWeiterlesen \u00bb\t\t<\/a>\n\n\t\t\t\t<\/div>\n\t\t\t\t<\/article>\n\t\t\t\t<article class=\"elementor-post elementor-grid-item post-2845 post type-post status-publish format-standard has-post-thumbnail hentry category-mxgp2024news entry has-media\">\n\t\t\t\t<a class=\"elementor-post__thumbnail__link\" href=\"https:\/\/www.mxgp-switzerland.com\/index.php\/2026\/03\/27\/es-ist-angerichtet-die-weltbesten-motocross-piloten-stehen-in-den-frauenfelder-startloechern\/\" tabindex=\"-1\" >\n\t\t\t<div class=\"elementor-post__thumbnail\"><img decoding=\"async\" width=\"1772\" height=\"1181\" src=\"https:\/\/www.mxgp-switzerland.com\/wp-content\/uploads\/2026\/03\/MXF2026_D5X_0118_FotoThorstenHorn.jpg\" class=\"attachment-full size-full wp-image-2846\" alt=\"\" srcset=\"https:\/\/www.mxgp-switzerland.com\/wp-content\/uploads\/2026\/03\/MXF2026_D5X_0118_FotoThorstenHorn.jpg 1772w, https:\/\/www.mxgp-switzerland.com\/wp-content\/uploads\/2026\/03\/MXF2026_D5X_0118_FotoThorstenHorn-300x200.jpg 300w, https:\/\/www.mxgp-switzerland.com\/wp-content\/uploads\/2026\/03\/MXF2026_D5X_0118_FotoThorstenHorn-1024x682.jpg 1024w, https:\/\/www.mxgp-switzerland.com\/wp-content\/uploads\/2026\/03\/MXF2026_D5X_0118_FotoThorstenHorn-768x512.jpg 768w, https:\/\/www.mxgp-switzerland.com\/wp-content\/uploads\/2026\/03\/MXF2026_D5X_0118_FotoThorstenHorn-1536x1024.jpg 1536w\" sizes=\"(max-width: 1772px) 100vw, 1772px\" \/><\/div>\n\t\t<\/a>\n\t\t\t\t<div class=\"elementor-post__text\">\n\t\t\t\t<h3 class=\"elementor-post__title\">\n\t\t\t<a href=\"https:\/\/www.mxgp-switzerland.com\/index.php\/2026\/03\/27\/es-ist-angerichtet-die-weltbesten-motocross-piloten-stehen-in-den-frauenfelder-startloechern\/\" >\n\t\t\t\tEs ist angerichtet \u2013 Die weltbesten Motocross-Piloten stehen in den Frauenfelder Startl\u00f6chern\t\t\t<\/a>\n\t\t<\/h3>\n\t\t\t\t<div class=\"elementor-post__meta-data\">\n\t\t\t\t\t<span class=\"elementor-post-date\">\n\t\t\tM\u00e4rz 27, 2026\t\t<\/span>\n\t\t\t\t<\/div>\n\t\t\t\t<div class=\"elementor-post__excerpt\">\n\t\t\t<p>Vorfreude auf den MXGP of Switzerland an diesem in Frauenfeld-Gachnang &nbsp; Die Motocross-Weltmeisterschaft 2026 tr\u00e4gt an diesem Wochenende, am Samstag dem 28. und am Sonntag dem 29. M\u00e4rz, in Frauenfeld-Gachnang ihren dritten Saisonlauf aus. Die Vorbereitungen auf den diesj\u00e4hrigen MXGP of Switzerland powered by IXS waren wieder umfangreich, aufw\u00e4ndig und zeitintensiv. Kurz vorm Fallen des ersten Startgatters sind die Arbeiten weitestgehend abgeschlossen, sodass die Spiele beginnen k\u00f6nnen. &nbsp; &nbsp; Bei der Er\u00f6ffnungspressekonferenz zum diesj\u00e4hrigen MXGP of Switzerland powered by IXS, der am bevorstehenden Samstag und Sonntag (28. und 29. M\u00e4rz) wieder auf der geschichtstr\u00e4chtigen Schollenholz-Rennstrecke in Frauenfeld-Gachnang \u00fcber die B\u00fchne gehen wird, erkl\u00e4rte zun\u00e4chst der OK-Chef des Gastgebers, Willy L\u00e4derach:<\/p>\n\t\t<\/div>\n\t\t\n\t\t<a class=\"elementor-post__read-more\" href=\"https:\/\/www.mxgp-switzerland.com\/index.php\/2026\/03\/27\/es-ist-angerichtet-die-weltbesten-motocross-piloten-stehen-in-den-frauenfelder-startloechern\/\" aria-label=\"Read more about Es ist angerichtet \u2013 Die weltbesten Motocross-Piloten stehen in den Frauenfelder Startl\u00f6chern\" tabindex=\"-1\" >\n\t\t\tWeiterlesen \u00bb\t\t<\/a>\n\n\t\t\t\t<\/div>\n\t\t\t\t<\/article>\n\t\t\t\t<article class=\"elementor-post elementor-grid-item post-2814 post type-post status-publish format-standard has-post-thumbnail hentry category-mxgp2024news entry has-media\">\n\t\t\t\t<a class=\"elementor-post__thumbnail__link\" href=\"https:\/\/www.mxgp-switzerland.com\/index.php\/2026\/03\/20\/so-viele-schweizer-wie-noch-nie\/\" tabindex=\"-1\" >\n\t\t\t<div class=\"elementor-post__thumbnail\"><img loading=\"lazy\" decoding=\"async\" width=\"1772\" height=\"1181\" src=\"https:\/\/www.mxgp-switzerland.com\/wp-content\/uploads\/2026\/03\/01_MXGPSwitzerland2025_Seewer_Jeremy_D5X_4773_FotoThorstenHorn.jpg\" class=\"attachment-full size-full wp-image-2815\" alt=\"\" srcset=\"https:\/\/www.mxgp-switzerland.com\/wp-content\/uploads\/2026\/03\/01_MXGPSwitzerland2025_Seewer_Jeremy_D5X_4773_FotoThorstenHorn.jpg 1772w, https:\/\/www.mxgp-switzerland.com\/wp-content\/uploads\/2026\/03\/01_MXGPSwitzerland2025_Seewer_Jeremy_D5X_4773_FotoThorstenHorn-300x200.jpg 300w, https:\/\/www.mxgp-switzerland.com\/wp-content\/uploads\/2026\/03\/01_MXGPSwitzerland2025_Seewer_Jeremy_D5X_4773_FotoThorstenHorn-1024x682.jpg 1024w, https:\/\/www.mxgp-switzerland.com\/wp-content\/uploads\/2026\/03\/01_MXGPSwitzerland2025_Seewer_Jeremy_D5X_4773_FotoThorstenHorn-768x512.jpg 768w, https:\/\/www.mxgp-switzerland.com\/wp-content\/uploads\/2026\/03\/01_MXGPSwitzerland2025_Seewer_Jeremy_D5X_4773_FotoThorstenHorn-1536x1024.jpg 1536w\" sizes=\"(max-width: 1772px) 100vw, 1772px\" \/><\/div>\n\t\t<\/a>\n\t\t\t\t<div class=\"elementor-post__text\">\n\t\t\t\t<h3 class=\"elementor-post__title\">\n\t\t\t<a href=\"https:\/\/www.mxgp-switzerland.com\/index.php\/2026\/03\/20\/so-viele-schweizer-wie-noch-nie\/\" >\n\t\t\t\tSo viele Schweizer wie noch nie\t\t\t<\/a>\n\t\t<\/h3>\n\t\t\t\t<div class=\"elementor-post__meta-data\">\n\t\t\t\t\t<span class=\"elementor-post-date\">\n\t\t\tM\u00e4rz 20, 2026\t\t<\/span>\n\t\t\t\t<\/div>\n\t\t\t\t<div class=\"elementor-post__excerpt\">\n\t\t\t<p>30 Lokalmatadore beim MXGP of Switzerland powered by IXS am 28. und 29. M\u00e4rz in Frauenfeld-Gachnang &nbsp; Klar, stehen die Top-Stars der Motocross-Weltmeisterschaft auch beim MXGP of Switzerland powered by IXS 2026 am 28. und 29. M\u00e4rz in Frauenfeld-Gachnang bei den Fans hoch im Kurs. F\u00fcr die lokalpatriotischen Anh\u00e4nger sind aber auch die einheimischen Piloten von gro\u00dfem Interesse. Und davon gibt es in diesem Jahr so viele wie nie zuvor. &nbsp; Am 28. und 29. M\u00e4rz wird der MXGP of Switzerland powered by IXS der dritte von 19 L\u00e4ufen zur Motocross-Weltmeisterschaft 2026 sein. Dieser ist ein Muss f\u00fcr jeden Schweizer MX-Fan, aber auch f\u00fcr zahlreiche Besucher aus dem Ausland, schlie\u00dflich<\/p>\n\t\t<\/div>\n\t\t\n\t\t<a class=\"elementor-post__read-more\" href=\"https:\/\/www.mxgp-switzerland.com\/index.php\/2026\/03\/20\/so-viele-schweizer-wie-noch-nie\/\" aria-label=\"Read more about So viele Schweizer wie noch nie\" tabindex=\"-1\" >\n\t\t\tWeiterlesen \u00bb\t\t<\/a>\n\n\t\t\t\t<\/div>\n\t\t\t\t<\/article>\n\t\t\t\t<article class=\"elementor-post elementor-grid-item post-2749 post type-post status-publish format-standard has-post-thumbnail hentry category-mxgp2024news entry has-media\">\n\t\t\t\t<a class=\"elementor-post__thumbnail__link\" href=\"https:\/\/www.mxgp-switzerland.com\/index.php\/2026\/03\/10\/erster-appetitmacher-auf-den-motocross-wm-lauf-in-frauenfeld\/\" tabindex=\"-1\" >\n\t\t\t<div class=\"elementor-post__thumbnail\"><img loading=\"lazy\" decoding=\"async\" width=\"1200\" height=\"800\" src=\"https:\/\/www.mxgp-switzerland.com\/wp-content\/uploads\/2026\/03\/StartMXGP_MXGP_Argentina_2026_PA_5903__FotoKTM-JuanPabloAcevedo.jpg\" class=\"attachment-full size-full wp-image-2750\" alt=\"\" srcset=\"https:\/\/www.mxgp-switzerland.com\/wp-content\/uploads\/2026\/03\/StartMXGP_MXGP_Argentina_2026_PA_5903__FotoKTM-JuanPabloAcevedo.jpg 1200w, https:\/\/www.mxgp-switzerland.com\/wp-content\/uploads\/2026\/03\/StartMXGP_MXGP_Argentina_2026_PA_5903__FotoKTM-JuanPabloAcevedo-300x200.jpg 300w, https:\/\/www.mxgp-switzerland.com\/wp-content\/uploads\/2026\/03\/StartMXGP_MXGP_Argentina_2026_PA_5903__FotoKTM-JuanPabloAcevedo-1024x683.jpg 1024w, https:\/\/www.mxgp-switzerland.com\/wp-content\/uploads\/2026\/03\/StartMXGP_MXGP_Argentina_2026_PA_5903__FotoKTM-JuanPabloAcevedo-768x512.jpg 768w\" sizes=\"(max-width: 1200px) 100vw, 1200px\" \/><\/div>\n\t\t<\/a>\n\t\t\t\t<div class=\"elementor-post__text\">\n\t\t\t\t<h3 class=\"elementor-post__title\">\n\t\t\t<a href=\"https:\/\/www.mxgp-switzerland.com\/index.php\/2026\/03\/10\/erster-appetitmacher-auf-den-motocross-wm-lauf-in-frauenfeld\/\" >\n\t\t\t\tErster Appetitmacher auf den Motocross-WM-Lauf in Frauenfeld\t\t\t<\/a>\n\t\t<\/h3>\n\t\t\t\t<div class=\"elementor-post__meta-data\">\n\t\t\t\t\t<span class=\"elementor-post-date\">\n\t\t\tM\u00e4rz 10, 2026\t\t<\/span>\n\t\t\t\t<\/div>\n\t\t\t\t<div class=\"elementor-post__excerpt\">\n\t\t\t<p>Am 28. und 29. M\u00e4rz kommen die weltbesten Motocrosser zum MXGP of Switzerland &nbsp; Auch die diesj\u00e4hrige Motocross-Weltmeisterschaftssaison startete in Argentinien und machte mit tollem Racing gleich wieder Lust auf mehr. Dieses \u201emehr\u201c gibt es zum Beispiel beim MXGP of Switzerland powered by IXS am 28. und 29. M\u00e4rz in Frauenfeld-Gachnang. Dieser wird die dritte Runde der 19 Rennen umfassenden Serie sein, der erste in Zentraleuropa. Beim Auftakt hatten auch in der Schweiz gute alte Bekannte die Nasen vorn. &nbsp; Bariloche inmitten der argentinischen Anden war am vergangenen Wochenende der Austragungsort des Saisonauftaktes der Motocross-Weltmeisterschaft 2026. Nach dem n\u00e4chsten Rennen in S\u00fcdspanien reist der Tross am letzten M\u00e4rz-Wochenende zur dritten<\/p>\n\t\t<\/div>\n\t\t\n\t\t<a class=\"elementor-post__read-more\" href=\"https:\/\/www.mxgp-switzerland.com\/index.php\/2026\/03\/10\/erster-appetitmacher-auf-den-motocross-wm-lauf-in-frauenfeld\/\" aria-label=\"Read more about Erster Appetitmacher auf den Motocross-WM-Lauf in Frauenfeld\" tabindex=\"-1\" >\n\t\t\tWeiterlesen \u00bb\t\t<\/a>\n\n\t\t\t\t<\/div>\n\t\t\t\t<\/article>\n\t\t\t\t<article class=\"elementor-post elementor-grid-item post-2735 post type-post status-publish format-standard has-post-thumbnail hentry category-mxgp2024news entry has-media\">\n\t\t\t\t<a class=\"elementor-post__thumbnail__link\" href=\"https:\/\/www.mxgp-switzerland.com\/index.php\/2026\/03\/05\/motocross-wm-saison-2026-startet\/\" tabindex=\"-1\" >\n\t\t\t<div class=\"elementor-post__thumbnail\"><img loading=\"lazy\" decoding=\"async\" width=\"1772\" height=\"1181\" src=\"https:\/\/www.mxgp-switzerland.com\/wp-content\/uploads\/2026\/03\/MXGPF2025_Start_MXGP_D5X_4357_FotoThorstenHorn.jpg\" class=\"attachment-full size-full wp-image-2736\" alt=\"\" srcset=\"https:\/\/www.mxgp-switzerland.com\/wp-content\/uploads\/2026\/03\/MXGPF2025_Start_MXGP_D5X_4357_FotoThorstenHorn.jpg 1772w, https:\/\/www.mxgp-switzerland.com\/wp-content\/uploads\/2026\/03\/MXGPF2025_Start_MXGP_D5X_4357_FotoThorstenHorn-300x200.jpg 300w, https:\/\/www.mxgp-switzerland.com\/wp-content\/uploads\/2026\/03\/MXGPF2025_Start_MXGP_D5X_4357_FotoThorstenHorn-1024x682.jpg 1024w, https:\/\/www.mxgp-switzerland.com\/wp-content\/uploads\/2026\/03\/MXGPF2025_Start_MXGP_D5X_4357_FotoThorstenHorn-768x512.jpg 768w, https:\/\/www.mxgp-switzerland.com\/wp-content\/uploads\/2026\/03\/MXGPF2025_Start_MXGP_D5X_4357_FotoThorstenHorn-1536x1024.jpg 1536w\" sizes=\"(max-width: 1772px) 100vw, 1772px\" \/><\/div>\n\t\t<\/a>\n\t\t\t\t<div class=\"elementor-post__text\">\n\t\t\t\t<h3 class=\"elementor-post__title\">\n\t\t\t<a href=\"https:\/\/www.mxgp-switzerland.com\/index.php\/2026\/03\/05\/motocross-wm-saison-2026-startet\/\" >\n\t\t\t\tMotocross-WM-Saison 2026 startet\t\t\t<\/a>\n\t\t<\/h3>\n\t\t\t\t<div class=\"elementor-post__meta-data\">\n\t\t\t\t\t<span class=\"elementor-post-date\">\n\t\t\tM\u00e4rz 5, 2026\t\t<\/span>\n\t\t\t\t<\/div>\n\t\t\t\t<div class=\"elementor-post__excerpt\">\n\t\t\t<p>MXGP of Switzerland powered by IXS ist am 28. und 29. M\u00e4rz in Frauenfeld-Gachnang die dritte Station &nbsp; Am bevorstehenden Wochenende startet die Motocross-Weltmeisterschaft in Argentinien in ihre Saison 2026. Nach der weiteren Station Spanien (Andalusien) wird am 28. und 29. M\u00e4rz der MXGP of Switzerland powered by IXS in Frauenfeld-Gachnang der dritte Lauf zur in diesem Jahr 19-teiligen Serie ausgefahren. &nbsp; Die Schweizer WM-Runde auf dem anspruchsvollen Schollenholz-Parcours wird die vierte Ausgabe der Neuzeit des Motocross Grand Prix der Schweiz sein, erstmals an einem so fr\u00fchen Termin. Im Programm sind analog zum Vorjahr die beiden Weltmeisterschaftskategorien MXGP und MX2 sowie dazu auch wieder die Europameisterschaftsklassen EMX250 und EMX125. &nbsp;<\/p>\n\t\t<\/div>\n\t\t\n\t\t<a class=\"elementor-post__read-more\" href=\"https:\/\/www.mxgp-switzerland.com\/index.php\/2026\/03\/05\/motocross-wm-saison-2026-startet\/\" aria-label=\"Read more about Motocross-WM-Saison 2026 startet\" tabindex=\"-1\" >\n\t\t\tWeiterlesen \u00bb\t\t<\/a>\n\n\t\t\t\t<\/div>\n\t\t\t\t<\/article>\n\t\t\t\t<\/div>\n\t\t\n\t\t\t\t<div class=\"e-load-more-anchor\" data-page=\"1\" data-max-page=\"6\" data-next-page=\"https:\/\/www.mxgp-switzerland.com\/index.php\/wp-json\/wp\/v2\/pages\/1289\/page\/2\/\"><\/div>\n\t\t\t\t<nav class=\"elementor-pagination\" aria-label=\"Paginierung\">\n\t\t\t<span class=\"page-numbers prev\">&laquo; Voriger<\/span>\n<a class=\"page-numbers next\" href=\"https:\/\/www.mxgp-switzerland.com\/index.php\/wp-json\/wp\/v2\/pages\/1289\/page\/2\/\">N\u00e4chster &raquo;<\/a>\t\t<\/nav>\n\t\t\t\t\t\t<\/div>\n\t\t\t\t<\/div>\n\t\t\t\t\t<\/div>\n\t\t\t\t<\/div>\n\t\t\t\t<\/div>\n\t\t","protected":false},"excerpt":{"rendered":"<p>NEWS<\/p>\n","protected":false},"author":1,"featured_media":0,"parent":0,"menu_order":0,"comment_status":"closed","ping_status":"closed","template":"elementor_header_footer","meta":{"ocean_post_layout":"","ocean_both_sidebars_style":"","ocean_both_sidebars_content_width":0,"ocean_both_sidebars_sidebars_width":0,"ocean_sidebar":"0","ocean_second_sidebar":"0","ocean_disable_margins":"enable","ocean_add_body_class":"","ocean_shortcode_before_top_bar":"","ocean_shortcode_after_top_bar":"","ocean_shortcode_before_header":"","ocean_shortcode_after_header":"","ocean_has_shortcode":"","ocean_shortcode_after_title":"","ocean_shortcode_before_footer_widgets":"","ocean_shortcode_after_footer_widgets":"","ocean_shortcode_before_footer_bottom":"","ocean_shortcode_after_footer_bottom":"","ocean_display_top_bar":"default","ocean_display_header":"default","ocean_header_style":"","ocean_center_header_left_menu":"0","ocean_custom_header_template":"0","ocean_custom_logo":0,"ocean_custom_retina_logo":0,"ocean_custom_logo_max_width":0,"ocean_custom_logo_tablet_max_width":0,"ocean_custom_logo_mobile_max_width":0,"ocean_custom_logo_max_height":0,"ocean_custom_logo_tablet_max_height":0,"ocean_custom_logo_mobile_max_height":0,"ocean_header_custom_menu":"0","ocean_menu_typo_font_family":"0","ocean_menu_typo_font_subset":"","ocean_menu_typo_font_size":0,"ocean_menu_typo_font_size_tablet":0,"ocean_menu_typo_font_size_mobile":0,"ocean_menu_typo_font_size_unit":"px","ocean_menu_typo_font_weight":"","ocean_menu_typo_font_weight_tablet":"","ocean_menu_typo_font_weight_mobile":"","ocean_menu_typo_transform":"","ocean_menu_typo_transform_tablet":"","ocean_menu_typo_transform_mobile":"","ocean_menu_typo_line_height":0,"ocean_menu_typo_line_height_tablet":0,"ocean_menu_typo_line_height_mobile":0,"ocean_menu_typo_line_height_unit":"","ocean_menu_typo_spacing":0,"ocean_menu_typo_spacing_tablet":0,"ocean_menu_typo_spacing_mobile":0,"ocean_menu_typo_spacing_unit":"","ocean_menu_link_color":"","ocean_menu_link_color_hover":"","ocean_menu_link_color_active":"","ocean_menu_link_background":"","ocean_menu_link_hover_background":"","ocean_menu_link_active_background":"","ocean_menu_social_links_bg":"","ocean_menu_social_hover_links_bg":"","ocean_menu_social_links_color":"","ocean_menu_social_hover_links_color":"","ocean_disable_title":"default","ocean_disable_heading":"default","ocean_post_title":"","ocean_post_subheading":"","ocean_post_title_style":"","ocean_post_title_background_color":"","ocean_post_title_background":0,"ocean_post_title_bg_image_position":"","ocean_post_title_bg_image_attachment":"","ocean_post_title_bg_image_repeat":"","ocean_post_title_bg_image_size":"","ocean_post_title_height":0,"ocean_post_title_bg_overlay":0.5,"ocean_post_title_bg_overlay_color":"","ocean_disable_breadcrumbs":"default","ocean_breadcrumbs_color":"","ocean_breadcrumbs_separator_color":"","ocean_breadcrumbs_links_color":"","ocean_breadcrumbs_links_hover_color":"","ocean_display_footer_widgets":"default","ocean_display_footer_bottom":"default","ocean_custom_footer_template":"0","footnotes":""},"class_list":["post-1289","page","type-page","status-publish","hentry","entry","has-media"],"_links":{"self":[{"href":"https:\/\/www.mxgp-switzerland.com\/index.php\/wp-json\/wp\/v2\/pages\/1289","targetHints":{"allow":["GET"]}}],"collection":[{"href":"https:\/\/www.mxgp-switzerland.com\/index.php\/wp-json\/wp\/v2\/pages"}],"about":[{"href":"https:\/\/www.mxgp-switzerland.com\/index.php\/wp-json\/wp\/v2\/types\/page"}],"author":[{"embeddable":true,"href":"https:\/\/www.mxgp-switzerland.com\/index.php\/wp-json\/wp\/v2\/users\/1"}],"replies":[{"embeddable":true,"href":"https:\/\/www.mxgp-switzerland.com\/index.php\/wp-json\/wp\/v2\/comments?post=1289"}],"version-history":[{"count":34,"href":"https:\/\/www.mxgp-switzerland.com\/index.php\/wp-json\/wp\/v2\/pages\/1289\/revisions"}],"predecessor-version":[{"id":1568,"href":"https:\/\/www.mxgp-switzerland.com\/index.php\/wp-json\/wp\/v2\/pages\/1289\/revisions\/1568"}],"wp:attachment":[{"href":"https:\/\/www.mxgp-switzerland.com\/index.php\/wp-json\/wp\/v2\/media?parent=1289"}],"curies":[{"name":"wp","href":"https:\/\/api.w.org\/{rel}","templated":true}]}}